{"id":15187,"date":"2026-03-27T09:27:58","date_gmt":"2026-03-27T08:27:58","guid":{"rendered":"https:\/\/grill-master.shop\/gree\/produkt\/podpalka-szybka-rozpalka-naturalna-ekologiczna-do-kominka-pieca-grilla-3-kg\/"},"modified":"2026-03-27T09:27:58","modified_gmt":"2026-03-27T08:27:58","slug":"podpalka-szybka-rozpalka-naturalna-ekologiczna-do-kominka-pieca-grilla-3-kg","status":"publish","type":"product","link":"https:\/\/ogrodowo24.shop\/grill\/produkt\/podpalka-szybka-rozpalka-naturalna-ekologiczna-do-kominka-pieca-grilla-3-kg\/","title":{"rendered":"PODPA\u0141KA SZYBKA Rozpa\u0142ka NATURALNA EKOLOGICZNA Do Kominka Pieca Grilla 3 KG"},"content":{"rendered":"<div style=\"font-family: Arial, sans-serif; line-height: 1.6; color: #333; padding: 20px; clear: both; display: block; width: 100%; float: none; position: static; overflow: hidden;\">\n<div style=\"clear: both; display: block; margin: 10px 0;\">\n<div style=\"clear: both; display: block; margin: 10px 0;\">\n<div style=\"clear: both; display: block; margin: 10px 0;\">\n<h1>EKOPODPA\u0141KA 3 kg<\/h1>\n<\/div>\n<\/div>\n<\/div>\n<div style=\"clear: both; display: block; margin: 10px 0;\">\n<div style=\"clear: both; display: block; margin: 10px 0;\">\n<div style=\"clear: both; display: block; margin: 10px 0;\">\n<p style=\"margin: 15px 0; line-height: 1.8; clear: both; display: block; width: 100%; float: none; position: static;\">Naturalna Podpa\u0142ka Ekologiczna, wyprodukowana z kilku gatunk\u00f3w drewna oraz stearyny (kt\u00f3ra nie jest pochodn\u0105 ropy naftowej &#8211; a wi\u0119c nieszkodliwa i nietruj\u0105ca). Idealnie nadaje si\u0119 do rozpalania kominka, pieca, kot\u0142a oraz grilla. Potrafi rozpali\u0107 du\u017ce kawa\u0142ki drewna, w\u0119giel, brykiet, ekogroszek, pelet a nawet mokre drewno. Podpa\u0142ka pachnie naturalnym drewnem oraz posiada atest PZH (Nr PZH\/HT-2942\/2014). Nie powoduje tworzenia si\u0119 osad\u00f3w i pozosta\u0142o\u015bci wp\u0142ywaj\u0105cych na smak grillowanych potraw. \u015aredni czas palenia jednej sztuki wynosi oko\u0142o 8-10 minut.<\/p>\n<\/div>\n<\/div>\n<\/div>\n<div style=\"clear: both; display: block; margin: 10px 0;\">\n<div style=\"clear: both; display: block; margin: 10px 0;\">\n<div style=\"clear: both; display: block; margin: 10px 0;\">\n<h3 style=\"color: #2c5aa0; font-size: 18px; margin: 30px 0 15px 0; font-weight: bold; clear: both; display: block; width: 100%; float: none; position: static;\">INFORMACJE O PRODUKCIE:<\/h3>\n<ol>\n<li style=\"margin: 5px 0; padding: 2px 0; clear: both; display: list-item; float: none; position: static;\">Rozpala du\u017ce i grube kawa\u0142ki drewna, w\u0119giel, brykiet, pelet, ekogroszek,<\/li>\n<li style=\"margin: 5px 0; padding: 2px 0; clear: both; display: list-item; float: none; position: static;\">NIE ZAWIERA SUBSTANCJI SZKODLIWYCH DLA ZDROWIA !<\/li>\n<li style=\"margin: 5px 0; padding: 2px 0; clear: both; display: list-item; float: none; position: static;\">BEZPIECZNA W U\u017bYCIU I PRZECHOWYWANIU,&nbsp;<\/li>\n<li style=\"margin: 5px 0; padding: 2px 0; clear: both; display: list-item; float: none; position: static;\">POSIADA ATEST PZH,<\/li>\n<li style=\"margin: 5px 0; padding: 2px 0; clear: both; display: list-item; float: none; position: static;\">Nie pozostawia popio\u0142u,<\/li>\n<li style=\"margin: 5px 0; padding: 2px 0; clear: both; display: list-item; float: none; position: static;\">Nie zmienia smaku grillowanych potraw,<\/li>\n<li style=\"margin: 5px 0; padding: 2px 0; clear: both; display: list-item; float: none; position: static;\">Czas palenia: oko\u0142o 10 minut<\/li>\n<li style=\"margin: 5px 0; padding: 2px 0; clear: both; display: list-item; float: none; position: static;\">Wymiary jednej sztuki: 5cm d\u0142. \/ 2,5cm \u015br.<\/li>\n<li style=\"margin: 5px 0; padding: 2px 0; clear: both; display: list-item; float: none; position: static;\">WYPRODUKOWANA W POLSCE !<\/li>\n<\/ol>\n<\/div>\n<\/div>\n<\/div>\n<div style=\"clear: both; display: block; margin: 10px 0;\">\n<div style=\"clear: both; display: block; margin: 10px 0;\">\n<div style=\"clear: both; display: block; margin: 10px 0;\">\n<div  style=\"max-width:512px;max-height:512px\">\n<div style=\"clear: both; display: block; margin: 10px 0;\">\n<div style=\"clear: both; width: 100%; display: block; margin: 20px 0; padding: 0; float: none; position: static; text-align: center;\"><img decoding=\"async\"  src=\"https:\/\/a.allegroimg.com\/original\/112de0\/2bebc4d04868aa16372de410f0d6\/PODPALKA-SZYBKA-Rozpalka-NATURALNA-EKOLOGICZNA-Do-Kominka-Pieca-Grilla-3-KG\" srcset=\"https:\/\/a.allegroimg.com\/original\/112de0\/2bebc4d04868aa16372de410f0d6\/PODPALKA-SZYBKA-Rozpalka-NATURALNA-EKOLOGICZNA-Do-Kominka-Pieca-Grilla-3-KG 360w,https:\/\/a.allegroimg.com\/original\/112de0\/2bebc4d04868aa16372de410f0d6\/PODPALKA-SZYBKA-Rozpalka-NATURALNA-EKOLOGICZNA-Do-Kominka-Pieca-Grilla-3-KG 512w,https:\/\/a.allegroimg.com\/original\/112de0\/2bebc4d04868aa16372de410f0d6\/PODPALKA-SZYBKA-Rozpalka-NATURALNA-EKOLOGICZNA-Do-Kominka-Pieca-Grilla-3-KG 512w\" sizes=\"100vw\" width=\"512px\" alt=\"PODPA\u0141KA SZYBKA Rozpa\u0142ka NATURALNA EKOLOGICZNA Do Kominka Pieca Grilla 3 KG\" style=\"max-width: 100%; height: auto; display: block; margin: 0 auto;\"><\/div>\n<\/div>\n<\/div>\n<\/div>\n<\/div>\n<\/div>\n<\/div>\n<\/div>\n<\/div>\n<div style=\"clear: both; display: block; margin: 10px 0;\">\n","protected":false},"excerpt":{"rendered":"<p>EKOPODPA\u0141KA 3 kg<\/p>\n<p>Naturalna Podpa\u0142ka Ekologiczna, wyprodukowana z kilku gatunk\u00f3w drewna oraz stearyny (kt\u00f3ra nie jest pochodn\u0105 ropy naftowej &#8211; a wi\u0119c nieszkodliwa i nietruj\u0105ca). Idealnie nadaje si\u0119 do rozpalania kominka, pieca, kot\u0142a oraz grilla. Potrafi rozpali\u0107 du\u017ce kawa\u0142ki drewna, w\u0119giel, brykiet, ekogroszek, pelet a nawet mokre drewno. Podpa\u0142ka pachnie naturalnym drewnem oraz posiada atest PZH (Nr PZH\/HT-2942\/2014). Nie powoduje tworzenia si\u0119 osad\u00f3w i pozosta\u0142o\u015bci wp\u0142ywaj\u0105cych na smak grillowanych potraw. \u015aredni czas palenia jednej sztuki wynosi oko\u0142o 8-10 minut.<\/p>\n","protected":false},"featured_media":15188,"template":"","meta":{"_uag_custom_page_level_css":""},"product_brand":[],"product_cat":[795,541,802],"product_tag":[],"class_list":{"0":"post-15187","1":"product","2":"type-product","3":"status-publish","4":"has-post-thumbnail","6":"product_cat-grillowanie","7":"product_cat-ogrod","8":"product_cat-rozpalki-i-brykiety","10":"first","11":"instock","12":"sale","13":"shipping-taxable","14":"purchasable","15":"product-type-simple"},"uagb_featured_image_src":{"full":["https:\/\/ogrodowo24.shop\/grill\/wp-content\/uploads\/2026\/03\/allegro-image-15187.jpg",512,512,false],"thumbnail":["https:\/\/ogrodowo24.shop\/grill\/wp-content\/uploads\/2026\/03\/allegro-image-15187-150x150.jpg",150,150,true],"medium":["https:\/\/ogrodowo24.shop\/grill\/wp-content\/uploads\/2026\/03\/allegro-image-15187-300x300.jpg",300,300,true],"medium_large":["https:\/\/ogrodowo24.shop\/grill\/wp-content\/uploads\/2026\/03\/allegro-image-15187.jpg",512,512,false],"large":["https:\/\/ogrodowo24.shop\/grill\/wp-content\/uploads\/2026\/03\/allegro-image-15187.jpg",512,512,false],"1536x1536":["https:\/\/ogrodowo24.shop\/grill\/wp-content\/uploads\/2026\/03\/allegro-image-15187.jpg",512,512,false],"2048x2048":["https:\/\/ogrodowo24.shop\/grill\/wp-content\/uploads\/2026\/03\/allegro-image-15187.jpg",512,512,false],"woocommerce_thumbnail":["https:\/\/ogrodowo24.shop\/grill\/wp-content\/uploads\/2026\/03\/allegro-image-15187-300x300.jpg",300,300,true],"woocommerce_single":["https:\/\/ogrodowo24.shop\/grill\/wp-content\/uploads\/2026\/03\/allegro-image-15187.jpg",512,512,false],"woocommerce_gallery_thumbnail":["https:\/\/ogrodowo24.shop\/grill\/wp-content\/uploads\/2026\/03\/allegro-image-15187-100x100.jpg",100,100,true]},"uagb_author_info":{"display_name":"admin","author_link":"https:\/\/ogrodowo24.shop\/grill\/author\/"},"uagb_comment_info":0,"uagb_excerpt":"EKOPODPA\u0141KA 3 kg Naturalna Podpa\u0142ka Ekologiczna, wyprodukowana z kilku gatunk\u00f3w drewna oraz stearyny (kt\u00f3ra nie jest pochodn\u0105 ropy naftowej - a wi\u0119c nieszkodliwa i nietruj\u0105ca). Idealnie nadaje si\u0119 do rozpalania kominka, pieca, kot\u0142a oraz grilla. Potrafi rozpali\u0107 du\u017ce kawa\u0142ki drewna, w\u0119giel, brykiet, ekogroszek, pelet a nawet mokre drewno. Podpa\u0142ka pachnie naturalnym drewnem oraz posiada atest&hellip;","_links":{"self":[{"href":"https:\/\/ogrodowo24.shop\/grill\/wp-json\/wp\/v2\/product\/15187","targetHints":{"allow":["GET"]}}],"collection":[{"href":"https:\/\/ogrodowo24.shop\/grill\/wp-json\/wp\/v2\/product"}],"about":[{"href":"https:\/\/ogrodowo24.shop\/grill\/wp-json\/wp\/v2\/types\/product"}],"wp:featuredmedia":[{"embeddable":true,"href":"https:\/\/ogrodowo24.shop\/grill\/wp-json\/wp\/v2\/media\/15188"}],"wp:attachment":[{"href":"https:\/\/ogrodowo24.shop\/grill\/wp-json\/wp\/v2\/media?parent=15187"}],"wp:term":[{"taxonomy":"product_brand","embeddable":true,"href":"https:\/\/ogrodowo24.shop\/grill\/wp-json\/wp\/v2\/product_brand?post=15187"},{"taxonomy":"product_cat","embeddable":true,"href":"https:\/\/ogrodowo24.shop\/grill\/wp-json\/wp\/v2\/product_cat?post=15187"},{"taxonomy":"product_tag","embeddable":true,"href":"https:\/\/ogrodowo24.shop\/grill\/wp-json\/wp\/v2\/product_tag?post=15187"}],"curies":[{"name":"wp","href":"https:\/\/api.w.org\/{rel}","templated":true}]}}