{"id":15227,"date":"2026-03-27T09:28:20","date_gmt":"2026-03-27T08:28:20","guid":{"rendered":"https:\/\/grill-master.shop\/gree\/produkt\/kociolek-zeliwny-garnek-mysliwski-wegierski-pieczonki-10l-na-ognisko-grill\/"},"modified":"2026-03-27T09:28:20","modified_gmt":"2026-03-27T08:28:20","slug":"kociolek-zeliwny-garnek-mysliwski-wegierski-pieczonki-10l-na-ognisko-grill","status":"publish","type":"product","link":"https:\/\/ogrodowo24.shop\/grill\/produkt\/kociolek-zeliwny-garnek-mysliwski-wegierski-pieczonki-10l-na-ognisko-grill\/","title":{"rendered":"Kocio\u0142ek \u017celiwny garnek my\u015bliwski w\u0119gierski pieczonki 10L na ognisko grill"},"content":{"rendered":"<div style=\"font-family: Arial, sans-serif; line-height: 1.6; color: #333; padding: 20px; clear: both; display: block; width: 100%; float: none; position: static; overflow: hidden;\">\n<div style=\"clear: both; display: block; margin: 10px 0;\">\n<div style=\"clear: both; display: block; margin: 10px 0;\">\n<div style=\"clear: both; display: block; margin: 10px 0;\">\n<h1>\u2b50KOCIO\u0141EK \u017bELIWNY GARNEK MY\u015aLIWSKI W\u0118GIERSKI PIECZONKI 10L NA OGNISKO GRILL\u2b50<\/h1>\n<\/div>\n<\/div>\n<\/div>\n<div style=\"clear: both; display: block; margin: 10px 0;\">\n<div style=\"clear: both; display: block; margin: 10px 0;\">\n<div style=\"clear: both; display: block; margin: 10px 0;\">\n<div  style=\"max-width:2560px;max-height:2560px\">\n<div style=\"clear: both; display: block; margin: 10px 0;\">\n<div style=\"clear: both; width: 100%; display: block; margin: 20px 0; padding: 0; float: none; position: static; text-align: center;\"><img decoding=\"async\"  src=\"https:\/\/a.allegroimg.com\/original\/119436\/17ee64c247e6ac36b3af79c3fd05\" srcset=\"https:\/\/a.allegroimg.com\/original\/119436\/17ee64c247e6ac36b3af79c3fd05 360w,https:\/\/a.allegroimg.com\/original\/119436\/17ee64c247e6ac36b3af79c3fd05 720w,https:\/\/a.allegroimg.com\/original\/119436\/17ee64c247e6ac36b3af79c3fd05 1024w,https:\/\/a.allegroimg.com\/original\/119436\/17ee64c247e6ac36b3af79c3fd05 1440w,https:\/\/a.allegroimg.com\/original\/119436\/17ee64c247e6ac36b3af79c3fd05 2560w\" sizes=\"(min-width: 1200px) 560px, (min-width: 992px) 50vw, 100vw\" width=\"2560px\" alt=\"\" style=\"max-width: 100%; height: auto; display: block; margin: 0 auto;\"><\/div>\n<\/div>\n<\/div>\n<\/div>\n<\/div>\n<div style=\"clear: both; display: block; margin: 10px 0;\">\n<div style=\"clear: both; display: block; margin: 10px 0;\">\n<h1>\u27a1\ufe0f ZALETY:<\/h1>\n<h3 style=\"color: #2c5aa0; font-size: 18px; margin: 30px 0 15px 0; font-weight: bold; clear: both; display: block; width: 100%; float: none; position: static;\">\u2705 WYSOKA JAKO\u015a\u0106 \u017bELIWA<\/h3>\n<h3 style=\"color: #2c5aa0; font-size: 18px; margin: 30px 0 15px 0; font-weight: bold; clear: both; display: block; width: 100%; float: none; position: static;\">\u2705 ODPORNO\u015a\u0106 NA DZIA\u0141ANIE WYSOKICH TEMPERATUR<\/h3>\n<h3 style=\"color: #2c5aa0; font-size: 18px; margin: 30px 0 15px 0; font-weight: bold; clear: both; display: block; width: 100%; float: none; position: static;\">\u2705 R\u00d3WNOMIERNE NAGRZEWANIE DNA<\/h3>\n<h3 style=\"color: #2c5aa0; font-size: 18px; margin: 30px 0 15px 0; font-weight: bold; clear: both; display: block; width: 100%; float: none; position: static;\">\u2705 3 STABILNE N\u00d3\u017bKI ORAZ POKRYWA Z UCHWYTEM W ZESTAWIE<\/h3>\n<h3 style=\"color: #2c5aa0; font-size: 18px; margin: 30px 0 15px 0; font-weight: bold; clear: both; display: block; width: 100%; float: none; position: static;\">\u2705 DU\u017bA POJEMNO\u015a\u0106<\/h3>\n<h3 style=\"color: #2c5aa0; font-size: 18px; margin: 30px 0 15px 0; font-weight: bold; clear: both; display: block; width: 100%; float: none; position: static;\">\u2705 GRUBE DNO<\/h3>\n<\/div>\n<\/div>\n<\/div>\n<div style=\"clear: both; display: block; margin: 10px 0;\">\n<div style=\"clear: both; display: block; margin: 10px 0;\">\n<div style=\"clear: both; display: block; margin: 10px 0;\">\n<h1>na leczo i \u017ceberka<\/h1>\n<\/div>\n<\/div>\n<\/div>\n<div style=\"clear: both; display: block; margin: 10px 0;\">\n<div style=\"clear: both; display: block; margin: 10px 0;\">\n<div style=\"clear: both; display: block; margin: 10px 0;\">\n<div  style=\"max-width:2560px;max-height:2560px\">\n<div style=\"clear: both; display: block; margin: 10px 0;\">\n<div style=\"clear: both; width: 100%; display: block; margin: 20px 0; padding: 0; float: none; position: static; text-align: center;\"><img decoding=\"async\"  src=\"https:\/\/a.allegroimg.com\/original\/115c05\/d6af98fc4b82bef7fa5555cbfdce\/Kociolek-zeliwny-garnek-mysliwski-wegierski-pieczonki-10L-na-ognisko-grill-Waga-produktu-z-opakowaniem-jednostkowym-14-01-kg\" srcset=\"https:\/\/a.allegroimg.com\/original\/115c05\/d6af98fc4b82bef7fa5555cbfdce\/Kociolek-zeliwny-garnek-mysliwski-wegierski-pieczonki-10L-na-ognisko-grill-Waga-produktu-z-opakowaniem-jednostkowym-14-01-kg 360w,https:\/\/a.allegroimg.com\/original\/115c05\/d6af98fc4b82bef7fa5555cbfdce\/Kociolek-zeliwny-garnek-mysliwski-wegierski-pieczonki-10L-na-ognisko-grill-Waga-produktu-z-opakowaniem-jednostkowym-14-01-kg 720w,https:\/\/a.allegroimg.com\/original\/115c05\/d6af98fc4b82bef7fa5555cbfdce\/Kociolek-zeliwny-garnek-mysliwski-wegierski-pieczonki-10L-na-ognisko-grill-Waga-produktu-z-opakowaniem-jednostkowym-14-01-kg 1024w,https:\/\/a.allegroimg.com\/original\/115c05\/d6af98fc4b82bef7fa5555cbfdce\/Kociolek-zeliwny-garnek-mysliwski-wegierski-pieczonki-10L-na-ognisko-grill-Waga-produktu-z-opakowaniem-jednostkowym-14-01-kg 1440w,https:\/\/a.allegroimg.com\/original\/115c05\/d6af98fc4b82bef7fa5555cbfdce\/Kociolek-zeliwny-garnek-mysliwski-wegierski-pieczonki-10L-na-ognisko-grill-Waga-produktu-z-opakowaniem-jednostkowym-14-01-kg 2560w\" sizes=\"(min-width: 1200px) 560px, (min-width: 992px) 50vw, 100vw\" width=\"2560px\" alt=\"Kocio\u0142ek \u017celiwny garnek my\u015bliwski w\u0119gierski pieczonki 10L na ognisko grill Waga produktu z opakowaniem jednostkowym 14.01 kg\" style=\"max-width: 100%; height: auto; display: block; margin: 0 auto;\"><\/div>\n<\/div>\n<\/div>\n<\/div>\n<\/div>\n<div style=\"clear: both; display: block; margin: 10px 0;\">\n<div style=\"clear: both; display: block; margin: 10px 0;\">\n<h1>KOCIO\u0141EK PRZY MAKSYMALNYM WYPE\u0141NIENIU MA POJEMNO\u015a\u0106 A\u017b 10 LITR\u00d3W\u2757\ufe0f<\/h1>\n<h2>\u2714\ufe0f Szacunkowa liczba porcji dania z prezentowanego kocio\u0142ka: 10-14<\/h2>\n<\/div>\n<\/div>\n<\/div>\n<div style=\"clear: both; display: block; margin: 10px 0;\">\n<div style=\"clear: both; display: block; margin: 10px 0;\">\n<div style=\"clear: both; display: block; margin: 10px 0;\">\n<div  style=\"max-width:2560px;max-height:2560px\">\n<div style=\"clear: both; display: block; margin: 10px 0;\">\n<div style=\"clear: both; width: 100%; display: block; margin: 20px 0; padding: 0; float: none; position: static; text-align: center;\"><img decoding=\"async\"  src=\"https:\/\/a.allegroimg.com\/original\/114e22\/ba1ee55b4d739a0d1526c1b42e26\" srcset=\"https:\/\/a.allegroimg.com\/original\/114e22\/ba1ee55b4d739a0d1526c1b42e26 360w,https:\/\/a.allegroimg.com\/original\/114e22\/ba1ee55b4d739a0d1526c1b42e26 720w,https:\/\/a.allegroimg.com\/original\/114e22\/ba1ee55b4d739a0d1526c1b42e26 1024w,https:\/\/a.allegroimg.com\/original\/114e22\/ba1ee55b4d739a0d1526c1b42e26 1440w,https:\/\/a.allegroimg.com\/original\/114e22\/ba1ee55b4d739a0d1526c1b42e26 2560w\" sizes=\"(min-width: 1200px) 560px, (min-width: 992px) 50vw, 100vw\" width=\"2560px\" alt=\"\" style=\"max-width: 100%; height: auto; display: block; margin: 0 auto;\"><\/div>\n<\/div>\n<\/div>\n<\/div>\n<\/div>\n<div style=\"clear: both; display: block; margin: 10px 0;\">\n<div style=\"clear: both; display: block; margin: 10px 0;\">\n<h1>\u27a1\ufe0f W SK\u0141AD ZESTAWU WCHODZI:<\/h1>\n<h2>\u2b50 Kocio\u0142ek<\/h2>\n<h2>\u2b50 Pokrywa z odpowietrznikiem i uchwytem + 2 \u015bruby mocuj\u0105ce<\/h2>\n<h2>\u2b50 3 odkr\u0119cane n\u00f3\u017cki + 3 \u015bruby mocuj\u0105ce<\/h2>\n<h2>\u2b50 Instrukcja<\/h2>\n<\/div>\n<\/div>\n<\/div>\n<div style=\"clear: both; display: block; margin: 10px 0;\">\n<div style=\"clear: both; display: block; margin: 10px 0;\">\n<div style=\"clear: both; display: block; margin: 10px 0;\">\n<div  style=\"max-width:2560px;max-height:2560px\">\n<div style=\"clear: both; display: block; margin: 10px 0;\">\n<div style=\"clear: both; width: 100%; display: block; margin: 20px 0; padding: 0; float: none; position: static; text-align: center;\"><img decoding=\"async\"  src=\"https:\/\/a.allegroimg.com\/original\/1130de\/c485816742dca374d03910a3da05\/Kociolek-zeliwny-garnek-mysliwski-wegierski-pieczonki-10L-na-ognisko-grill-Pojemnosc-10-l\" srcset=\"https:\/\/a.allegroimg.com\/original\/1130de\/c485816742dca374d03910a3da05\/Kociolek-zeliwny-garnek-mysliwski-wegierski-pieczonki-10L-na-ognisko-grill-Pojemnosc-10-l 360w,https:\/\/a.allegroimg.com\/original\/1130de\/c485816742dca374d03910a3da05\/Kociolek-zeliwny-garnek-mysliwski-wegierski-pieczonki-10L-na-ognisko-grill-Pojemnosc-10-l 720w,https:\/\/a.allegroimg.com\/original\/1130de\/c485816742dca374d03910a3da05\/Kociolek-zeliwny-garnek-mysliwski-wegierski-pieczonki-10L-na-ognisko-grill-Pojemnosc-10-l 1024w,https:\/\/a.allegroimg.com\/original\/1130de\/c485816742dca374d03910a3da05\/Kociolek-zeliwny-garnek-mysliwski-wegierski-pieczonki-10L-na-ognisko-grill-Pojemnosc-10-l 1440w,https:\/\/a.allegroimg.com\/original\/1130de\/c485816742dca374d03910a3da05\/Kociolek-zeliwny-garnek-mysliwski-wegierski-pieczonki-10L-na-ognisko-grill-Pojemnosc-10-l 2560w\" sizes=\"(min-width: 1200px) 560px, (min-width: 992px) 50vw, 100vw\" width=\"2560px\" alt=\"Kocio\u0142ek \u017celiwny garnek my\u015bliwski w\u0119gierski pieczonki 10L na ognisko grill Pojemno\u015b\u0107 10 l\" style=\"max-width: 100%; height: auto; display: block; margin: 0 auto;\"><\/div>\n<\/div>\n<\/div>\n<\/div>\n<\/div>\n<div style=\"clear: both; display: block; margin: 10px 0;\">\n<div style=\"clear: both; display: block; margin: 10px 0;\">\n<div  style=\"max-width:2560px;max-height:2560px\">\n<div style=\"clear: both; display: block; margin: 10px 0;\">\n<div style=\"clear: both; width: 100%; display: block; margin: 20px 0; padding: 0; float: none; position: static; text-align: center;\"><img decoding=\"async\"  src=\"https:\/\/a.allegroimg.com\/original\/11bac2\/ad06e62c41048254e05ad33f9e41\" srcset=\"https:\/\/a.allegroimg.com\/original\/11bac2\/ad06e62c41048254e05ad33f9e41 360w,https:\/\/a.allegroimg.com\/original\/11bac2\/ad06e62c41048254e05ad33f9e41 720w,https:\/\/a.allegroimg.com\/original\/11bac2\/ad06e62c41048254e05ad33f9e41 1024w,https:\/\/a.allegroimg.com\/original\/11bac2\/ad06e62c41048254e05ad33f9e41 1440w,https:\/\/a.allegroimg.com\/original\/11bac2\/ad06e62c41048254e05ad33f9e41 2560w\" sizes=\"(min-width: 1200px) 560px, (min-width: 992px) 50vw, 100vw\" width=\"2560px\" alt=\"\" style=\"max-width: 100%; height: auto; display: block; margin: 0 auto;\"><\/div>\n<\/div>\n<\/div>\n<\/div>\n<\/div>\n<\/div>\n<div style=\"clear: both; display: block; margin: 10px 0;\">\n<div style=\"clear: both; display: block; margin: 10px 0;\">\n<div style=\"clear: both; display: block; margin: 10px 0;\">\n<div  style=\"max-width:2560px;max-height:2560px\">\n<div style=\"clear: both; display: block; margin: 10px 0;\">\n<div style=\"clear: both; width: 100%; display: block; margin: 20px 0; padding: 0; float: none; position: static; text-align: center;\"><img decoding=\"async\"  src=\"https:\/\/a.allegroimg.com\/original\/112e62\/e3fc4c064ba9b3ea060b8a3621b4\" srcset=\"https:\/\/a.allegroimg.com\/original\/112e62\/e3fc4c064ba9b3ea060b8a3621b4 360w,https:\/\/a.allegroimg.com\/original\/112e62\/e3fc4c064ba9b3ea060b8a3621b4 720w,https:\/\/a.allegroimg.com\/original\/112e62\/e3fc4c064ba9b3ea060b8a3621b4 1024w,https:\/\/a.allegroimg.com\/original\/112e62\/e3fc4c064ba9b3ea060b8a3621b4 1440w,https:\/\/a.allegroimg.com\/original\/112e62\/e3fc4c064ba9b3ea060b8a3621b4 2560w\" sizes=\"(min-width: 1200px) 560px, (min-width: 992px) 50vw, 100vw\" width=\"2560px\" alt=\"\" style=\"max-width: 100%; height: auto; display: block; margin: 0 auto;\"><\/div>\n<\/div>\n<\/div>\n<\/div>\n<\/div>\n<div style=\"clear: both; display: block; margin: 10px 0;\">\n<div style=\"clear: both; display: block; margin: 10px 0;\">\n<h1>\u27a1\ufe0f DANE TECHNICZNE:<\/h1>\n<ul style=\"margin: 15px 0; padding-left: 20px; clear: both; display: block; width: 100%; float: none; position: static;\">\n<li style=\"margin: 5px 0; padding: 2px 0; clear: both; display: list-item; float: none; position: static;\"><b>Pojemno\u015b\u0107 max:<\/b> 10 l<\/li>\n<\/ul>\n<ul style=\"margin: 15px 0; padding-left: 20px; clear: both; display: block; width: 100%; float: none; position: static;\">\n<li style=\"margin: 5px 0; padding: 2px 0; clear: both; display: list-item; float: none; position: static;\"><b>Wysoko\u015b\u0107 ca\u0142kowita:<\/b> 50 cm<\/li>\n<\/ul>\n<ul style=\"margin: 15px 0; padding-left: 20px; clear: both; display: block; width: 100%; float: none; position: static;\">\n<li style=\"margin: 5px 0; padding: 2px 0; clear: both; display: list-item; float: none; position: static;\"><b>Szeroko\u015b\u0107 ca\u0142kowita:<\/b> 35,5 cm<\/li>\n<\/ul>\n<ul style=\"margin: 15px 0; padding-left: 20px; clear: both; display: block; width: 100%; float: none; position: static;\">\n<li style=\"margin: 5px 0; padding: 2px 0; clear: both; display: list-item; float: none; position: static;\"><b>Waga:<\/b> ok. 13 kg<\/li>\n<\/ul>\n<ul style=\"margin: 15px 0; padding-left: 20px; clear: both; display: block; width: 100%; float: none; position: static;\">\n<li style=\"margin: 5px 0; padding: 2px 0; clear: both; display: list-item; float: none; position: static;\"><b>Materia\u0142:<\/b> \u017celiwo (na zewn\u0105trz i wewn\u0105trz)<\/li>\n<\/ul>\n<\/div>\n<\/div>\n<\/div>\n<div style=\"clear: both; display: block; margin: 10px 0;\">\n<div style=\"clear: both; display: block; margin: 10px 0;\">\n<div style=\"clear: both; display: block; margin: 10px 0;\">\n<div  style=\"max-width:2560px;max-height:2560px\">\n<div style=\"clear: both; display: block; margin: 10px 0;\">\n<div style=\"clear: both; width: 100%; display: block; margin: 20px 0; padding: 0; float: none; position: static; text-align: center;\"><img decoding=\"async\"  src=\"https:\/\/a.allegroimg.com\/original\/1115d8\/d0dd69fa498c83c80f399352aa1c\/Kociolek-zeliwny-garnek-mysliwski-wegierski-pieczonki-10L-na-ognisko-grill-Rodzaj-stojacy\" srcset=\"https:\/\/a.allegroimg.com\/original\/1115d8\/d0dd69fa498c83c80f399352aa1c\/Kociolek-zeliwny-garnek-mysliwski-wegierski-pieczonki-10L-na-ognisko-grill-Rodzaj-stojacy 360w,https:\/\/a.allegroimg.com\/original\/1115d8\/d0dd69fa498c83c80f399352aa1c\/Kociolek-zeliwny-garnek-mysliwski-wegierski-pieczonki-10L-na-ognisko-grill-Rodzaj-stojacy 720w,https:\/\/a.allegroimg.com\/original\/1115d8\/d0dd69fa498c83c80f399352aa1c\/Kociolek-zeliwny-garnek-mysliwski-wegierski-pieczonki-10L-na-ognisko-grill-Rodzaj-stojacy 1024w,https:\/\/a.allegroimg.com\/original\/1115d8\/d0dd69fa498c83c80f399352aa1c\/Kociolek-zeliwny-garnek-mysliwski-wegierski-pieczonki-10L-na-ognisko-grill-Rodzaj-stojacy 1440w,https:\/\/a.allegroimg.com\/original\/1115d8\/d0dd69fa498c83c80f399352aa1c\/Kociolek-zeliwny-garnek-mysliwski-wegierski-pieczonki-10L-na-ognisko-grill-Rodzaj-stojacy 2560w\" sizes=\"(min-width: 1200px) 560px, (min-width: 992px) 50vw, 100vw\" width=\"2560px\" alt=\"Kocio\u0142ek \u017celiwny garnek my\u015bliwski w\u0119gierski pieczonki 10L na ognisko grill Rodzaj stoj\u0105cy\" style=\"max-width: 100%; height: auto; display: block; margin: 0 auto;\"><\/div>\n<\/div>\n<\/div>\n<\/div>\n<\/div>\n<div style=\"clear: both; display: block; margin: 10px 0;\">\n<div style=\"clear: both; display: block; margin: 10px 0;\">\n<h1>\u27a1\ufe0f WYMIARY WEWN\u0118TRZNE:<\/h1>\n<ul style=\"margin: 15px 0; padding-left: 20px; clear: both; display: block; width: 100%; float: none; position: static;\">\n<li style=\"margin: 5px 0; padding: 2px 0; clear: both; display: list-item; float: none; position: static;\"><b>\u015arednica wewn\u0119trzna (g\u00f3rna):<\/b> 28 cm<\/li>\n<\/ul>\n<ul style=\"margin: 15px 0; padding-left: 20px; clear: both; display: block; width: 100%; float: none; position: static;\">\n<li style=\"margin: 5px 0; padding: 2px 0; clear: both; display: list-item; float: none; position: static;\"><b>\u015arednica wewn\u0119trzna (dolna):<\/b> 22 cm<\/li>\n<\/ul>\n<\/div>\n<\/div>\n<\/div>\n<div style=\"clear: both; display: block; margin: 10px 0;\">\n<div style=\"clear: both; display: block; margin: 10px 0;\">\n<div style=\"clear: both; display: block; margin: 10px 0;\">\n<h1>\u27a1\ufe0f ZASADY U\u017bYTKOWANIA:<\/h1>\n<ul style=\"margin: 15px 0; padding-left: 20px; clear: both; display: block; width: 100%; float: none; position: static;\">\n<li style=\"margin: 5px 0; padding: 2px 0; clear: both; display: list-item; float: none; position: static;\">Kocio\u0142ek jest ju\u017c \u2018\u2019wypalony\u2019\u2019, czyli gotowy do u\u017cycia.<\/li>\n<li style=\"margin: 5px 0; padding: 2px 0; clear: both; display: list-item; float: none; position: static;\">Bezpo\u015brednio przed pierwszym u\u017cyciem umy\u0107 naczynie wod\u0105, nast\u0119pnie osuszy\u0107 \u015bcierk\u0105 i natrze\u0107 t\u0142uszczem jadalnym.<\/li>\n<li style=\"margin: 5px 0; padding: 2px 0; clear: both; display: list-item; float: none; position: static;\">Poniewa\u017c \u017celiwo rozgrzewa si\u0119 bardzo szybko i d\u0142ugo zachowuje ciep\u0142o, nie nale\u017cy stawia\u0107 gor\u0105cych naczy\u0144 bezpo\u015brednio na blacie lub stole.<\/li>\n<li style=\"margin: 5px 0; padding: 2px 0; clear: both; display: list-item; float: none; position: static;\">Zaleca si\u0119 u\u017cywa\u0107 drewnianych \u0142y\u017cek oraz r\u0119kawic kuchennych podczas kontaktu z naczyniem.<\/li>\n<li style=\"margin: 5px 0; padding: 2px 0; clear: both; display: list-item; float: none; position: static;\">Nie nale\u017cy wlewa\u0107 zimnej wody do rozgrzanego kocio\u0142ka, gdy\u017c mo\u017ce to spowodowa\u0107 p\u0119kni\u0119cie \u017celiwa oraz rdzewienie.<\/li>\n<li style=\"margin: 5px 0; padding: 2px 0; clear: both; display: list-item; float: none; position: static;\">Po ka\u017cdym u\u017cyciu kocio\u0142ek umy\u0107 przy u\u017cyciu wody oraz natrze\u0107 papierowym r\u0119cznikiem nas\u0105czonym olejem jadalnym (do tego celu polecamy specjalistyczny olej, dedykowany do sezonowania \u017celiwa).<\/li>\n<\/ul>\n<\/div>\n<\/div>\n<\/div>\n<div style=\"clear: both; display: block; margin: 10px 0;\">\n<div style=\"clear: both; display: block; margin: 10px 0;\">\n<div style=\"clear: both; display: block; margin: 10px 0;\">\n<div  style=\"max-width:2560px;max-height:2560px\">\n<div style=\"clear: both; display: block; margin: 10px 0;\">\n<div style=\"clear: both; width: 100%; display: block; margin: 20px 0; padding: 0; float: none; position: static; text-align: center;\"><img decoding=\"async\"  src=\"https:\/\/a.allegroimg.com\/original\/114099\/488b13c74af48281cef33dc5ce53\" srcset=\"https:\/\/a.allegroimg.com\/original\/114099\/488b13c74af48281cef33dc5ce53 360w,https:\/\/a.allegroimg.com\/original\/114099\/488b13c74af48281cef33dc5ce53 720w,https:\/\/a.allegroimg.com\/original\/114099\/488b13c74af48281cef33dc5ce53 1024w,https:\/\/a.allegroimg.com\/original\/114099\/488b13c74af48281cef33dc5ce53 1440w,https:\/\/a.allegroimg.com\/original\/114099\/488b13c74af48281cef33dc5ce53 2560w\" sizes=\"(min-width: 1200px) 560px, (min-width: 992px) 50vw, 100vw\" width=\"2560px\" alt=\"\" style=\"max-width: 100%; height: auto; display: block; margin: 0 auto;\"><\/div>\n<\/div>\n<\/div>\n<\/div>\n<\/div>\n<div style=\"clear: both; display: block; margin: 10px 0;\">\n<div style=\"clear: both; display: block; margin: 10px 0;\">\n<div  style=\"max-width:2560px;max-height:2560px\">\n<div style=\"clear: both; display: block; margin: 10px 0;\">\n<div style=\"clear: both; width: 100%; display: block; margin: 20px 0; padding: 0; float: none; position: static; text-align: center;\"><img decoding=\"async\"  src=\"https:\/\/a.allegroimg.com\/original\/116747\/e12d1121416282c21bc555efa6c6\/Kociolek-zeliwny-garnek-mysliwski-wegierski-pieczonki-10L-na-ognisko-grill-Producent-HAGE\" srcset=\"https:\/\/a.allegroimg.com\/original\/116747\/e12d1121416282c21bc555efa6c6\/Kociolek-zeliwny-garnek-mysliwski-wegierski-pieczonki-10L-na-ognisko-grill-Producent-HAGE 360w,https:\/\/a.allegroimg.com\/original\/116747\/e12d1121416282c21bc555efa6c6\/Kociolek-zeliwny-garnek-mysliwski-wegierski-pieczonki-10L-na-ognisko-grill-Producent-HAGE 720w,https:\/\/a.allegroimg.com\/original\/116747\/e12d1121416282c21bc555efa6c6\/Kociolek-zeliwny-garnek-mysliwski-wegierski-pieczonki-10L-na-ognisko-grill-Producent-HAGE 1024w,https:\/\/a.allegroimg.com\/original\/116747\/e12d1121416282c21bc555efa6c6\/Kociolek-zeliwny-garnek-mysliwski-wegierski-pieczonki-10L-na-ognisko-grill-Producent-HAGE 1440w,https:\/\/a.allegroimg.com\/original\/116747\/e12d1121416282c21bc555efa6c6\/Kociolek-zeliwny-garnek-mysliwski-wegierski-pieczonki-10L-na-ognisko-grill-Producent-HAGE 2560w\" sizes=\"(min-width: 1200px) 560px, (min-width: 992px) 50vw, 100vw\" width=\"2560px\" alt=\"Kocio\u0142ek \u017celiwny garnek my\u015bliwski w\u0119gierski pieczonki 10L na ognisko grill Producent HAGE\" style=\"max-width: 100%; height: auto; display: block; margin: 0 auto;\"><\/div>\n<\/div>\n<\/div>\n<\/div>\n<\/div>\n<\/div>\n<div style=\"clear: both; display: block; margin: 10px 0;\">\n<div style=\"clear: both; display: block; margin: 10px 0;\">\n<div style=\"clear: both; display: block; margin: 10px 0;\">\n<h1>\u27a1\ufe0f&nbsp;G\u0142\u00f3wn\u0105 przyczyn\u0105 rdzewienia naczy\u0144 \u017celiwnych jest ich nieodpowiednia piel\u0119gnacja.<\/h1>\n<p style=\"margin: 15px 0; line-height: 1.8; clear: both; display: block; width: 100%; float: none; position: static;\">Kocio\u0142ki \u017celiwne nale\u017cy<b> ka\u017cdorazowo po u\u017cyciu od razu my\u0107 i osusza\u0107, a nast\u0119pnie zabezpieczy\u0107 olejem<\/b>.<\/p>\n<p style=\"margin: 15px 0; line-height: 1.8; clear: both; display: block; width: 100%; float: none; position: static;\">Naczynia \u017celiwne nie lubi\u0105 wilgoci, wi\u0119c im szybciej umyjemy je i osuszymy tym lepiej. Z tego te\u017c powodu garnka \u017celiwnego pod \u017cadnym pozorem nie nale\u017cy wk\u0142ada\u0107 do zmywarki lub pozostawia\u0107 na d\u0142u\u017cej z wod\u0105 \u201cdo odmoczenia\u201d. Garnek \u017celiwny nale\u017cy trzyma\u0107 w suchym i przewiewnym miejscu.<\/p>\n<\/div>\n<\/div>\n<\/div>\n<div style=\"clear: both; display: block; margin: 10px 0;\">\n<div style=\"clear: both; display: block; margin: 10px 0;\">\n<div style=\"clear: both; display: block; margin: 10px 0;\">\n<div  style=\"max-width:2560px;max-height:2560px\">\n<div style=\"clear: both; display: block; margin: 10px 0;\">\n<div style=\"clear: both; width: 100%; display: block; margin: 20px 0; padding: 0; float: none; position: static; text-align: center;\"><img decoding=\"async\"  src=\"https:\/\/a.allegroimg.com\/original\/11a610\/d0256d4a49a3a4d998b868a8cca6\" srcset=\"https:\/\/a.allegroimg.com\/original\/11a610\/d0256d4a49a3a4d998b868a8cca6 360w,https:\/\/a.allegroimg.com\/original\/11a610\/d0256d4a49a3a4d998b868a8cca6 720w,https:\/\/a.allegroimg.com\/original\/11a610\/d0256d4a49a3a4d998b868a8cca6 1024w,https:\/\/a.allegroimg.com\/original\/11a610\/d0256d4a49a3a4d998b868a8cca6 1440w,https:\/\/a.allegroimg.com\/original\/11a610\/d0256d4a49a3a4d998b868a8cca6 2560w\" sizes=\"100vw\" width=\"2560px\" alt=\"\" style=\"max-width: 100%; height: auto; display: block; margin: 0 auto;\"><\/div>\n<\/div>\n<\/div>\n<\/div>\n<\/div>\n<\/div>\n<\/div>\n<\/div>\n<\/div>\n<div style=\"clear: both; display: block; margin: 10px 0;\">\n","protected":false},"excerpt":{"rendered":"<p>\u2b50KOCIO\u0141EK \u017bELIWNY GARNEK MY\u015aLIWSKI W\u0118GIERSKI PIECZONKI 10L NA OGNISKO GRILL\u2b50<\/p>\n<p>\u27a1\ufe0f ZALETY:<\/p>\n<p>\u2705 WYSOKA JAKO\u015a\u0106 \u017bELIWA<\/p>\n<p>\u2705 ODPORNO\u015a\u0106 NA DZIA\u0141ANIE WYSOKICH TEMPERATUR<\/p>\n<p>\u2705 R\u00d3WNOMIERNE NAGRZEWANIE DNA<\/p>\n<p>\u2705 3 STABILNE N\u00d3\u017bKI ORAZ POKRYWA Z UCHWYTEM W ZESTAWIE<\/p>\n<p>\u2705 DU\u017bA POJEMNO\u015a\u0106<\/p>\n<p>\u2705 GRUBE DNO<\/p>\n","protected":false},"featured_media":15228,"template":"","meta":{"_uag_custom_page_level_css":""},"product_brand":[824],"product_cat":[795,825,541],"product_tag":[],"class_list":{"0":"post-15227","1":"product","2":"type-product","3":"status-publish","4":"has-post-thumbnail","6":"product_brand-hage","7":"product_cat-grillowanie","8":"product_cat-kociolki","9":"product_cat-ogrod","11":"first","12":"instock","13":"sale","14":"shipping-taxable","15":"purchasable","16":"product-type-simple"},"uagb_featured_image_src":{"full":["https:\/\/ogrodowo24.shop\/grill\/wp-content\/uploads\/2026\/03\/allegro-image-15227.jpg",2560,2560,false],"thumbnail":["https:\/\/ogrodowo24.shop\/grill\/wp-content\/uploads\/2026\/03\/allegro-image-15227-150x150.jpg",150,150,true],"medium":["https:\/\/ogrodowo24.shop\/grill\/wp-content\/uploads\/2026\/03\/allegro-image-15227-300x300.jpg",300,300,true],"medium_large":["https:\/\/ogrodowo24.shop\/grill\/wp-content\/uploads\/2026\/03\/allegro-image-15227-768x768.jpg",768,768,true],"large":["https:\/\/ogrodowo24.shop\/grill\/wp-content\/uploads\/2026\/03\/allegro-image-15227-1024x1024.jpg",1024,1024,true],"1536x1536":["https:\/\/ogrodowo24.shop\/grill\/wp-content\/uploads\/2026\/03\/allegro-image-15227-1536x1536.jpg",1536,1536,true],"2048x2048":["https:\/\/ogrodowo24.shop\/grill\/wp-content\/uploads\/2026\/03\/allegro-image-15227-2048x2048.jpg",2048,2048,true],"woocommerce_thumbnail":["https:\/\/ogrodowo24.shop\/grill\/wp-content\/uploads\/2026\/03\/allegro-image-15227-300x300.jpg",300,300,true],"woocommerce_single":["https:\/\/ogrodowo24.shop\/grill\/wp-content\/uploads\/2026\/03\/allegro-image-15227-600x600.jpg",600,600,true],"woocommerce_gallery_thumbnail":["https:\/\/ogrodowo24.shop\/grill\/wp-content\/uploads\/2026\/03\/allegro-image-15227-100x100.jpg",100,100,true]},"uagb_author_info":{"display_name":"admin","author_link":"https:\/\/ogrodowo24.shop\/grill\/author\/"},"uagb_comment_info":0,"uagb_excerpt":"\u2b50KOCIO\u0141EK \u017bELIWNY GARNEK MY\u015aLIWSKI W\u0118GIERSKI PIECZONKI 10L NA OGNISKO GRILL\u2b50 \u27a1\ufe0f ZALETY: \u2705 WYSOKA JAKO\u015a\u0106 \u017bELIWA \u2705 ODPORNO\u015a\u0106 NA DZIA\u0141ANIE WYSOKICH TEMPERATUR \u2705 R\u00d3WNOMIERNE NAGRZEWANIE DNA \u2705 3 STABILNE N\u00d3\u017bKI ORAZ POKRYWA Z UCHWYTEM W ZESTAWIE \u2705 DU\u017bA POJEMNO\u015a\u0106 \u2705 GRUBE DNO","_links":{"self":[{"href":"https:\/\/ogrodowo24.shop\/grill\/wp-json\/wp\/v2\/product\/15227","targetHints":{"allow":["GET"]}}],"collection":[{"href":"https:\/\/ogrodowo24.shop\/grill\/wp-json\/wp\/v2\/product"}],"about":[{"href":"https:\/\/ogrodowo24.shop\/grill\/wp-json\/wp\/v2\/types\/product"}],"wp:featuredmedia":[{"embeddable":true,"href":"https:\/\/ogrodowo24.shop\/grill\/wp-json\/wp\/v2\/media\/15228"}],"wp:attachment":[{"href":"https:\/\/ogrodowo24.shop\/grill\/wp-json\/wp\/v2\/media?parent=15227"}],"wp:term":[{"taxonomy":"product_brand","embeddable":true,"href":"https:\/\/ogrodowo24.shop\/grill\/wp-json\/wp\/v2\/product_brand?post=15227"},{"taxonomy":"product_cat","embeddable":true,"href":"https:\/\/ogrodowo24.shop\/grill\/wp-json\/wp\/v2\/product_cat?post=15227"},{"taxonomy":"product_tag","embeddable":true,"href":"https:\/\/ogrodowo24.shop\/grill\/wp-json\/wp\/v2\/product_tag?post=15227"}],"curies":[{"name":"wp","href":"https:\/\/api.w.org\/{rel}","templated":true}]}}